{"id":18,"date":"2018-01-26T14:32:29","date_gmt":"2018-01-26T14:32:29","guid":{"rendered":"https:\/\/lasrecetasdechuso.wordpress.com\/?page_id=2"},"modified":"2021-05-11T06:27:52","modified_gmt":"2021-05-11T06:27:52","slug":"acerca-de-mi","status":"publish","type":"page","link":"https:\/\/saboresdechuso.com\/index.php\/acerca-de-mi\/","title":{"rendered":"Chuso"},"content":{"rendered":"<p><img loading=\"lazy\" decoding=\"async\" class=\" size-full wp-image-189 alignleft\" src=\"https:\/\/saboresdechuso.files.wordpress.com\/2018\/01\/cropped-cropped-14023132135_52beb74819_k-e1517169668570.jpg\" alt=\"cropped-cropped-14023132135_52beb74819_k-e1517169668570.jpg\" width=\"1800\" height=\"720\"><\/p>\n<p>Este blog est\u00e1 dedicado a mis hijas y mi mujer , que durante a\u00f1os fueron los conejillos de indias de mi pasi\u00f3n por la cocina. Creo, que cas\u00ed siempre disfrutaron de mis platos , aunque recuerdo algunas malas experiencias. Ahora que ya han crecido , me gustar\u00eda publicar aqui algunas de mis recetas favoritas , para que ellas tambi\u00e9n puedan divertirse en la cocina.<\/p>\n<p>Muchas de las recetas no son de mi invenci\u00f3n, simplemente las le\u00ed en alg\u00fan sitio o alguien me las ense\u00f1o. Intentare respetar el copyright en los casos en que me acuerde donde consegu\u00ed la receta.<\/p>\n<p>Un especial recuerdo para mi abuela Sara , que me inculc\u00f3 el amor por la cocina , para mi madre, de la que aprend\u00ed muchas recetas y mi suegra (yaya Sole) , que me ense\u00f1\u00f3 algunas recetas suculentas.<\/p>\n","protected":false},"excerpt":{"rendered":"<p>Este blog est\u00e1 dedicado a mis hijas y mi mujer , que durante a\u00f1os fueron los conejillos de indias de mi pasi\u00f3n por la cocina. Creo, que cas\u00ed siempre disfrutaron de mis platos , aunque recuerdo algunas malas experiencias. Ahora que ya han crecido , me gustar\u00eda publicar aqui algunas de mis recetas favoritas ,&#8230; <\/p>\n<div class=\"link-more\"><a href=\"https:\/\/saboresdechuso.com\/index.php\/acerca-de-mi\/\">Read More<\/a><\/div>\n","protected":false},"author":2,"featured_media":2387,"parent":0,"menu_order":1,"comment_status":"closed","ping_status":"closed","template":"","meta":{"om_disable_all_campaigns":false,"_monsterinsights_skip_tracking":false,"_monsterinsights_sitenote_active":false,"_monsterinsights_sitenote_note":"","_monsterinsights_sitenote_category":0,"footnotes":""},"class_list":["post-18","page","type-page","status-publish","has-post-thumbnail","hentry"],"_links":{"self":[{"href":"https:\/\/saboresdechuso.com\/index.php\/wp-json\/wp\/v2\/pages\/18","targetHints":{"allow":["GET"]}}],"collection":[{"href":"https:\/\/saboresdechuso.com\/index.php\/wp-json\/wp\/v2\/pages"}],"about":[{"href":"https:\/\/saboresdechuso.com\/index.php\/wp-json\/wp\/v2\/types\/page"}],"author":[{"embeddable":true,"href":"https:\/\/saboresdechuso.com\/index.php\/wp-json\/wp\/v2\/users\/2"}],"replies":[{"embeddable":true,"href":"https:\/\/saboresdechuso.com\/index.php\/wp-json\/wp\/v2\/comments?post=18"}],"version-history":[{"count":1,"href":"https:\/\/saboresdechuso.com\/index.php\/wp-json\/wp\/v2\/pages\/18\/revisions"}],"predecessor-version":[{"id":2470,"href":"https:\/\/saboresdechuso.com\/index.php\/wp-json\/wp\/v2\/pages\/18\/revisions\/2470"}],"wp:featuredmedia":[{"embeddable":true,"href":"https:\/\/saboresdechuso.com\/index.php\/wp-json\/wp\/v2\/media\/2387"}],"wp:attachment":[{"href":"https:\/\/saboresdechuso.com\/index.php\/wp-json\/wp\/v2\/media?parent=18"}],"curies":[{"name":"wp","href":"https:\/\/api.w.org\/{rel}","templated":true}]}}